{"id":69,"date":"2026-05-08T17:59:20","date_gmt":"2026-05-08T17:59:20","guid":{"rendered":"https:\/\/xronos.info\/?page_id=69"},"modified":"2026-05-08T17:59:20","modified_gmt":"2026-05-08T17:59:20","slug":"sinaqlar","status":"publish","type":"page","link":"https:\/\/xronos.info\/?page_id=69","title":{"rendered":"S\u0131naqlar"},"content":{"rendered":"\n<!DOCTYPE html>\n<html lang=\"az\">\n<head>\n    <meta charset=\"UTF-8\">\n    <meta name=\"viewport\" content=\"width=device-width, initial-scale=1.0\">\n    <title>Xronos.info &#8211; S\u0131naq M\u0259rk\u0259zi<\/title>\n    <style>\n        @import url('https:\/\/fonts.googleapis.com\/css2?family=Inter:wght@300;400;600;800&display=swap');\n\n        :root {\n            --bg-main: #f4f7fe;\n            --card-bg: #ffffff;\n            --primary: #1e3a8a;\n            --primary-light: #3b82f6;\n            --text-dark: #111827;\n            --text-gray: #6b7280;\n        }\n\n        body {\n            font-family: 'Inter', sans-serif;\n            background-color: var(--bg-main);\n            color: var(--text-dark);\n            margin: 0;\n            padding: 40px 20px;\n        }\n\n        .container {\n            max-width: 1200px;\n            margin: 0 auto;\n        }\n\n        .page-header {\n            text-align: center;\n            margin-bottom: 50px;\n        }\n\n        .page-title {\n            font-size: 36px;\n            font-weight: 800;\n            color: var(--primary);\n            margin: 0 0 15px;\n            letter-spacing: -0.5px;\n        }\n\n        .page-desc {\n            font-size: 16px;\n            color: var(--text-gray);\n            max-width: 600px;\n            margin: 0 auto;\n            line-height: 1.6;\n        }\n\n        \/* Filter D\u00fcym\u0259l\u0259ri *\/\n        .filters {\n            display: flex;\n            justify-content: center;\n            gap: 15px;\n            margin-bottom: 40px;\n            flex-wrap: wrap;\n        }\n\n        .filter-btn {\n            background: #ffffff;\n            border: 1px solid #e5e7eb;\n            padding: 10px 25px;\n            border-radius: 30px;\n            font-size: 15px;\n            font-weight: 600;\n            color: var(--text-gray);\n            cursor: pointer;\n            transition: all 0.3s ease;\n        }\n\n        .filter-btn.active, .filter-btn:hover {\n            background: var(--primary);\n            color: #ffffff;\n            border-color: var(--primary);\n            box-shadow: 0 5px 15px rgba(30, 58, 138, 0.2);\n        }\n\n        \/* Grid Sistemi *\/\n        .exam-grid {\n            display: grid;\n            grid-template-columns: repeat(auto-fill, minmax(320px, 1fr));\n            gap: 30px;\n        }\n\n        \/* Kartlar v\u0259 Animasiya *\/\n        .exam-card {\n            background: var(--card-bg);\n            border-radius: 20px;\n            padding: 25px;\n            position: relative;\n            box-shadow: 0 10px 25px rgba(0, 0, 0, 0.04);\n            border: 1px solid #f3f4f6;\n            transition: transform 0.3s ease, box-shadow 0.3s ease;\n            display: flex;\n            flex-direction: column;\n            animation: fadeIn 0.5s ease-out forwards;\n        }\n\n        @keyframes fadeIn {\n            from { opacity: 0; transform: translateY(15px); }\n            to { opacity: 1; transform: translateY(0); }\n        }\n\n        .exam-card.hidden {\n            display: none;\n        }\n\n        .exam-card:hover {\n            transform: translateY(-8px);\n            box-shadow: 0 20px 40px rgba(0, 0, 0, 0.08);\n            border-color: #e5e7eb;\n        }\n\n        \/* Kart Elementl\u0259ri *\/\n        .card-header {\n            display: flex;\n            justify-content: space-between;\n            align-items: center;\n            margin-bottom: 20px;\n        }\n\n        .badge {\n            padding: 6px 12px;\n            border-radius: 8px;\n            font-size: 12px;\n            font-weight: 800;\n            text-transform: uppercase;\n        }\n\n        .badge.miq { background: #e0e7ff; color: #4f46e5; }\n        .badge.sert { background: #dcfce7; color: #16a34a; }\n        .badge.premium { background: #fef3c7; color: #d97706; }\n\n        .price-tag { font-weight: 800; color: var(--primary); font-size: 16px; }\n        .price-tag.free { color: #10b981; }\n\n        .exam-title {\n            font-size: 20px;\n            font-weight: 800;\n            margin: 0 0 10px;\n            color: var(--text-dark);\n            line-height: 1.4;\n        }\n\n        .exam-desc {\n            font-size: 14px;\n            color: var(--text-gray);\n            margin-bottom: 20px;\n            flex-grow: 1;\n        }\n\n        .exam-stats {\n            display: flex;\n            gap: 20px;\n            margin-bottom: 25px;\n            padding: 15px 0;\n            border-top: 1px solid #f3f4f6;\n            border-bottom: 1px solid #f3f4f6;\n        }\n\n        .stat-item {\n            display: flex; align-items: center; gap: 8px;\n            font-size: 14px; color: var(--text-dark); font-weight: 600;\n        }\n        .stat-item span { color: var(--text-gray); font-weight: 400; }\n\n        .start-btn {\n            background: var(--primary);\n            color: white; text-align: center; padding: 14px;\n            border-radius: 12px; font-weight: 600; text-decoration: none;\n            transition: background 0.3s; display: block;\n        }\n\n        .start-btn:hover { background: var(--primary-light); }\n        .start-btn.locked {\n            background: #f3f4f6; color: #9ca3af;\n            cursor: not-allowed; display: flex; justify-content: center;\n            align-items: center; gap: 8px;\n        }\n    <\/style>\n<\/head>\n<body>\n\n<div class=\"container\">\n    <div class=\"page-header\">\n        <h1 class=\"page-title\">Xronos S\u0131naq M\u0259rk\u0259zi<\/h1>\n        <p class=\"page-desc\">M\u0130Q v\u0259 Sertifikasiya imtahanlar\u0131na haz\u0131rl\u0131q \u00fc\u00e7\u00fcn \u0259n son kurikulum v\u0259 \u00e7\u0259r\u00e7iv\u0259 \u0259sas\u0131nda haz\u0131rlanm\u0131\u015f interaktiv s\u0131naqlar.<\/p>\n    <\/div>\n\n    <!-- Filter D\u00fcym\u0259l\u0259ri (data-filter atributlar\u0131 \u0259lav\u0259 edilib) -->\n    <div class=\"filters\">\n        <button class=\"filter-btn active\" data-filter=\"all\">B\u00fct\u00fcn S\u0131naqlar<\/button>\n        <button class=\"filter-btn\" data-filter=\"miq\">M\u0130Q S\u0131naqlar\u0131<\/button>\n        <button class=\"filter-btn\" data-filter=\"sert\">Sertifikasiya<\/button>\n        <button class=\"filter-btn\" data-filter=\"movzu\">M\u00f6vzu S\u0131naqlar\u0131<\/button>\n    <\/div>\n\n    <div class=\"exam-grid\">\n        \n        <!-- Kart 1: M\u0130Q -->\n        <div class=\"exam-card\" data-category=\"miq\">\n            <div class=\"card-header\">\n                <span class=\"badge miq\">M\u0130Q 2026<\/span>\n                <span class=\"price-tag free\">\u00d6D\u018fN\u0130\u015eS\u0130Z<\/span>\n            <\/div>\n            <h3 class=\"exam-title\">\u00dcmumi S\u0131naq \u0130mtahan\u0131 #1<\/h3>\n            <p class=\"exam-desc\">B\u00fct\u00fcn tarixi d\u00f6vrl\u0259ri \u0259hat\u0259 ed\u0259n, imtahan modelin\u0259 tam uy\u011fun ilk diaqnostik s\u0131naq.<\/p>\n            <div class=\"exam-stats\">\n                <div class=\"stat-item\">\ud83d\udcdd <span>60 Sual<\/span><\/div>\n                <div class=\"stat-item\">\u23f1 <span>120 D\u0259q<\/span><\/div>\n            <\/div>\n            <a href=\"#\" class=\"start-btn\">S\u0131na\u011fa Ba\u015fla<\/a>\n        <\/div>\n\n        <!-- Kart 2: M\u00f6vzu -->\n        <div class=\"exam-card\" data-category=\"movzu\">\n            <div class=\"card-header\">\n                <span class=\"badge sert\">M\u00f6vzu S\u0131na\u011f\u0131<\/span>\n                <span class=\"price-tag free\">\u00d6D\u018fN\u0130\u015eS\u0130Z<\/span>\n            <\/div>\n            <h3 class=\"exam-title\">X\u0259rit\u0259l\u0259r v\u0259 Xronologiya<\/h3>\n            <p class=\"exam-desc\">Tarixi x\u0259rit\u0259l\u0259rin oxunmas\u0131 v\u0259 m\u00fcr\u0259kk\u0259b xronoloji ard\u0131c\u0131ll\u0131qlar\u0131 inki\u015faf etdir\u0259n x\u00fcsusi test.<\/p>\n            <div class=\"exam-stats\">\n                <div class=\"stat-item\">\ud83d\udcdd <span>40 Sual<\/span><\/div>\n                <div class=\"stat-item\">\u23f1 <span>60 D\u0259q<\/span><\/div>\n            <\/div>\n            <a href=\"#\" class=\"start-btn\">S\u0131na\u011fa Ba\u015fla<\/a>\n        <\/div>\n\n        <!-- Kart 3: M\u0130Q (Premium) -->\n        <div class=\"exam-card\" data-category=\"miq\">\n            <div class=\"card-header\">\n                <span class=\"badge premium\">Premium S\u0131naq<\/span>\n                <span class=\"price-tag\">5.00 AZN<\/span>\n            <\/div>\n            <h3 class=\"exam-title\">Q\u0131z\u0131l S\u0131naq: \u00c7\u0259tinl\u0259\u015fdirilmi\u015f Model<\/h3>\n            <p class=\"exam-desc\">Y\u00fcks\u0259k bal toplamaq ist\u0259y\u0259nl\u0259r \u00fc\u00e7\u00fcn 2000 suall\u0131q bazadan se\u00e7ilmi\u015f spesifik m\u0259nb\u0259 suallar\u0131.<\/p>\n            <div class=\"exam-stats\">\n                <div class=\"stat-item\">\ud83d\udcdd <span>60 Sual<\/span><\/div>\n                <div class=\"stat-item\">\u23f1 <span>120 D\u0259q<\/span><\/div>\n            <\/div>\n            <a href=\"#\" class=\"start-btn locked\">\ud83d\udd12 \u0130\u015ftirak \u00fc\u00e7\u00fcn \u0259ld\u0259 et<\/a>\n        <\/div>\n\n        <!-- Kart 4: Sertifikasiya -->\n        <div class=\"exam-card\" data-category=\"sert\">\n            <div class=\"card-header\">\n                <span class=\"badge sert\">Sertifikasiya<\/span>\n                <span class=\"price-tag free\">\u00d6D\u018fN\u0130\u015eS\u0130Z<\/span>\n            <\/div>\n            <h3 class=\"exam-title\">Az\u0259rbaycan Tarixi: XIX-XX \u0259srl\u0259r<\/h3>\n            <p class=\"exam-desc\">Sertifikasiya \u00e7\u0259r\u00e7iv\u0259 s\u0259n\u0259din\u0259 \u0259sas\u0259n t\u0259rtib edilmi\u015f x\u00fcsusi blok s\u0131na\u011f\u0131.<\/p>\n            <div class=\"exam-stats\">\n                <div class=\"stat-item\">\ud83d\udcdd <span>50 Sual<\/span><\/div>\n                <div class=\"stat-item\">\u23f1 <span>90 D\u0259q<\/span><\/div>\n            <\/div>\n            <a href=\"#\" class=\"start-btn\">S\u0131na\u011fa Ba\u015fla<\/a>\n        <\/div>\n\n    <\/div>\n<\/div>\n\n<!-- Filter funksionall\u0131\u011f\u0131 \u00fc\u00e7\u00fcn JavaScript -->\n<script>\n    document.addEventListener(\"DOMContentLoaded\", function() {\n        const filterButtons = document.querySelectorAll(\".filter-btn\");\n        const examCards = document.querySelectorAll(\".exam-card\");\n\n        filterButtons.forEach(button => {\n            button.addEventListener(\"click\", () => {\n                \/\/ 1. Aktiv klass\u0131 \u0259vv\u0259lki d\u00fcym\u0259d\u0259n silib, klikl\u0259n\u0259n\u0259 \u0259lav\u0259 etm\u0259k\n                filterButtons.forEach(btn => btn.classList.remove(\"active\"));\n                button.classList.add(\"active\");\n\n                \/\/ 2. Se\u00e7ilmi\u015f filter d\u0259y\u0259rini oxumaq (m\u0259s: 'miq', 'sert', 'all')\n                const filterValue = button.getAttribute(\"data-filter\");\n\n                \/\/ 3. Kartlar\u0131 yoxlamaq v\u0259 uy\u011fun olanlar\u0131 g\u00f6st\u0259rib, dig\u0259rl\u0259rini gizl\u0259tm\u0259k\n                examCards.forEach(card => {\n                    const category = card.getAttribute(\"data-category\");\n\n                    \/\/ \u018fg\u0259r filter \"all\" se\u00e7ilibs\u0259, ham\u0131s\u0131n\u0131 g\u00f6st\u0259r. \u018fks halda yaln\u0131z eyni kateqoriyan\u0131 g\u00f6st\u0259r.\n                    if (filterValue === \"all\" || category === filterValue) {\n                        card.classList.remove(\"hidden\");\n                        \/\/ Animasiyan\u0131n yenid\u0259n i\u015fl\u0259m\u0259si \u00fc\u00e7\u00fcn ki\u00e7ik bir hiyl\u0259\n                        card.style.animation = 'none';\n                        card.offsetHeight; \/* T\u0259tbiq olundu\u011fundan \u0259min olmaq \u00fc\u00e7\u00fcn oxuyuruq *\/\n                        card.style.animation = null; \n                    } else {\n                        card.classList.add(\"hidden\");\n                    }\n                });\n            });\n        });\n    });\n<\/script>\n\n<\/body>\n<\/html>\n","protected":false},"excerpt":{"rendered":"<p>Xronos.info &#8211; S\u0131naq M\u0259rk\u0259zi Xronos S\u0131naq M\u0259rk\u0259zi M\u0130Q v\u0259 Sertifikasiya imtahanlar\u0131na haz\u0131rl\u0131q \u00fc\u00e7\u00fcn \u0259n son kurikulum v\u0259 \u00e7\u0259r\u00e7iv\u0259 \u0259sas\u0131nda haz\u0131rlanm\u0131\u015f interaktiv s\u0131naqlar. B\u00fct\u00fcn S\u0131naqlar M\u0130Q S\u0131naqlar\u0131 Sertifikasiya M\u00f6vzu S\u0131naqlar\u0131 M\u0130Q 2026 \u00d6D\u018fN\u0130\u015eS\u0130Z \u00dcmumi S\u0131naq \u0130mtahan\u0131 #1 B\u00fct\u00fcn tarixi d\u00f6vrl\u0259ri \u0259hat\u0259 ed\u0259n, imtahan modelin\u0259 tam uy\u011fun ilk diaqnostik s\u0131naq. \ud83d\udcdd 60 Sual \u23f1 120 D\u0259q S\u0131na\u011fa [&hellip;]<\/p>\n","protected":false},"author":1,"featured_media":0,"parent":0,"menu_order":0,"comment_status":"closed","ping_status":"closed","template":"","meta":{"footnotes":""},"class_list":["post-69","page","type-page","status-publish","hentry"],"_links":{"self":[{"href":"https:\/\/xronos.info\/index.php?rest_route=\/wp\/v2\/pages\/69","targetHints":{"allow":["GET"]}}],"collection":[{"href":"https:\/\/xronos.info\/index.php?rest_route=\/wp\/v2\/pages"}],"about":[{"href":"https:\/\/xronos.info\/index.php?rest_route=\/wp\/v2\/types\/page"}],"author":[{"embeddable":true,"href":"https:\/\/xronos.info\/index.php?rest_route=\/wp\/v2\/users\/1"}],"replies":[{"embeddable":true,"href":"https:\/\/xronos.info\/index.php?rest_route=%2Fwp%2Fv2%2Fcomments&post=69"}],"version-history":[{"count":1,"href":"https:\/\/xronos.info\/index.php?rest_route=\/wp\/v2\/pages\/69\/revisions"}],"predecessor-version":[{"id":70,"href":"https:\/\/xronos.info\/index.php?rest_route=\/wp\/v2\/pages\/69\/revisions\/70"}],"wp:attachment":[{"href":"https:\/\/xronos.info\/index.php?rest_route=%2Fwp%2Fv2%2Fmedia&parent=69"}],"curies":[{"name":"wp","href":"https:\/\/api.w.org\/{rel}","templated":true}]}}